{"id":413,"date":"2025-07-05T14:04:07","date_gmt":"2025-07-05T12:04:07","guid":{"rendered":"http:\/\/localhost\/imen_bouyahia\/?page_id=413"},"modified":"2026-03-02T22:29:59","modified_gmt":"2026-03-02T21:29:59","slug":"leadership-coaching","status":"publish","type":"page","link":"https:\/\/imenbouyahya.com\/fr\/leadership-coaching\/","title":{"rendered":"Coaching en leadership"},"content":{"rendered":"<div data-elementor-type=\"wp-page\" data-elementor-id=\"413\" class=\"elementor elementor-413\" data-elementor-post-type=\"page\">\n\t\t\t\t<div class=\"elementor-element elementor-element-71aa09a e-con-full e-flex e-con e-parent\" data-id=\"71aa09a\" data-element_type=\"container\" data-settings=\"{&quot;background_background&quot;:&quot;classic&quot;,&quot;background_motion_fx_motion_fx_scrolling&quot;:&quot;yes&quot;,&quot;background_motion_fx_scale_effect&quot;:&quot;yes&quot;,&quot;background_motion_fx_scale_direction&quot;:&quot;out-in&quot;,&quot;background_motion_fx_scale_speed&quot;:{&quot;unit&quot;:&quot;px&quot;,&quot;size&quot;:4,&quot;sizes&quot;:[]},&quot;background_motion_fx_scale_range&quot;:{&quot;unit&quot;:&quot;%&quot;,&quot;size&quot;:&quot;&quot;,&quot;sizes&quot;:{&quot;start&quot;:20,&quot;end&quot;:80}},&quot;background_motion_fx_devices&quot;:[&quot;desktop&quot;,&quot;tablet&quot;,&quot;mobile&quot;]}\">\n\t\t\t\t<div class=\"elementor-element elementor-element-4b1aaf9 elementor-widget elementor-widget-heading\" data-id=\"4b1aaf9\" data-element_type=\"widget\" data-widget_type=\"heading.default\">\n\t\t\t\t<div class=\"elementor-widget-container\">\n\t\t\t\t\t<h1 class=\"elementor-heading-title elementor-size-default\">Leadership coaching<\/h1>\t\t\t\t<\/div>\n\t\t\t\t<\/div>\n\t\t\t\t<div class=\"elementor-element elementor-element-36f4759 elementor-widget elementor-widget-hfe-breadcrumbs-widget\" data-id=\"36f4759\" data-element_type=\"widget\" data-widget_type=\"hfe-breadcrumbs-widget.default\">\n\t\t\t\t<div class=\"elementor-widget-container\">\n\t\t\t\t\t<nav aria-label=\"Breadcrumb\"><ul class=\"hfe-breadcrumbs hfe-breadcrumbs-show-home\"><li class=\"hfe-breadcrumbs-item hfe-breadcrumbs-first\"><span class=\"hfe-breadcrumbs-home-icon\"><svg aria-hidden=\"true\" class=\"e-font-icon-svg e-fas-home\" viewbox=\"0 0 576 512\" xmlns=\"http:\/\/www.w3.org\/2000\/svg\"><path d=\"M280.37 148.26L96 300.11V464a16 16 0 0 0 16 16l112.06-.29a16 16 0 0 0 15.92-16V368a16 16 0 0 1 16-16h64a16 16 0 0 1 16 16v95.64a16 16 0 0 0 16 16.05L464 480a16 16 0 0 0 16-16V300L295.67 148.26a12.19 12.19 0 0 0-15.3 0zM571.6 251.47L488 182.56V44.05a12 12 0 0 0-12-12h-56a12 12 0 0 0-12 12v72.61L318.47 43a48 48 0 0 0-61 0L4.34 251.47a12 12 0 0 0-1.6 16.9l25.5 31A12 12 0 0 0 45.15 301l235.22-193.74a12.19 12.19 0 0 1 15.3 0L530.9 301a12 12 0 0 0 16.9-1.6l25.5-31a12 12 0 0 0-1.7-16.93z\"><\/path><\/svg><\/span><a href=\"https:\/\/imenbouyahya.com\/fr\"><span class=\"hfe-breadcrumbs-text\">Accueil<\/span><\/a><\/li><\/ul><\/nav>\t\t\t\t<\/div>\n\t\t\t\t<\/div>\n\t\t\t\t<\/div>\n\t\t<div class=\"elementor-element elementor-element-f4dea87 e-flex e-con-boxed elementor-invisible e-con e-parent\" data-id=\"f4dea87\" data-element_type=\"container\" data-settings=\"{&quot;background_background&quot;:&quot;classic&quot;,&quot;animation&quot;:&quot;slideInDown&quot;}\">\n\t\t\t\t\t<div class=\"e-con-inner\">\n\t\t<div class=\"elementor-element elementor-element-266c0cf e-con-full e-flex e-con e-child\" data-id=\"266c0cf\" data-element_type=\"container\">\n\t\t\t\t<div class=\"elementor-element elementor-element-6d03ed1 elementor-widget elementor-widget-heading\" data-id=\"6d03ed1\" data-element_type=\"widget\" data-widget_type=\"heading.default\">\n\t\t\t\t<div class=\"elementor-widget-container\">\n\t\t\t\t\t<h2 class=\"elementor-heading-title elementor-size-default\">Forte de mes douze ans d'exp\u00e9rience dans l'industrie p\u00e9troli\u00e8re et gazi\u00e8re, o\u00f9 j'ai appris et pratiqu\u00e9 la direction de projets strat\u00e9giques, le travail dans des \u00e9quipes et des cultures diverses et la conduite de v\u00e9ritables changements dans un environnement \u00e0 haut risque. j'offre des programmes de coaching pour les dirigeants et les organisations.<\/h2>\t\t\t\t<\/div>\n\t\t\t\t<\/div>\n\t\t\t\t<\/div>\n\t\t\t\t\t<\/div>\n\t\t\t\t<\/div>\n\t\t<div class=\"elementor-element elementor-element-8c8a66f e-con-full e-flex elementor-invisible e-con e-parent\" data-id=\"8c8a66f\" data-element_type=\"container\" data-settings=\"{&quot;animation&quot;:&quot;slideInLeft&quot;}\">\n\t\t<div class=\"elementor-element elementor-element-da82360 e-con-full e-flex elementor-invisible e-con e-child\" data-id=\"da82360\" data-element_type=\"container\" data-settings=\"{&quot;animation&quot;:&quot;slideInLeft&quot;,&quot;background_background&quot;:&quot;classic&quot;}\">\n\t\t\t\t<div class=\"elementor-element elementor-element-9ac1681 elementor-widget elementor-widget-heading\" data-id=\"9ac1681\" data-element_type=\"widget\" data-widget_type=\"heading.default\">\n\t\t\t\t<div class=\"elementor-widget-container\">\n\t\t\t\t\t<h2 class=\"elementor-heading-title elementor-size-default\">En tant que leader<\/h2>\t\t\t\t<\/div>\n\t\t\t\t<\/div>\n\t\t\t\t<div class=\"elementor-element elementor-element-3d91435 elementor-widget elementor-widget-text-editor\" data-id=\"3d91435\" data-element_type=\"widget\" data-widget_type=\"text-editor.default\">\n\t\t\t\t<div class=\"elementor-widget-container\">\n\t\t\t\t\t\t\t\t\t<p>Je vous aide \u00e0 identifier vos sch\u00e9mas de pens\u00e9e et croyances limitants et \u00e0 comprendre les motivations et les ressentiments qui vous emp\u00eachent d'\u00eatre performant qui vous emp\u00eachent d'\u00eatre performant. Je vous coache pour d\u00e9velopper votre intelligence \u00e9motionnelle et sociale gr\u00e2ce \u00e0 un suivi et un accompagnement imm\u00e9diats pour surmonter les situations difficiles en mati\u00e8re de leadership et de gestion du changement. Je vous motive \u00e0 anticiper les d\u00e9fis et \u00e0 les relever efficacement, notamment en situation d'urgence et de crise. Je vous coache pour d\u00e9velopper vos comp\u00e9tences de pr\u00e9sentation et influencer les autres \u00e0 vendre votre vision afin que vos \u00e9quipes la partagent et la mettent en \u0153uvre.<\/p>\t\t\t\t\t\t\t\t<\/div>\n\t\t\t\t<\/div>\n\t\t\t\t<\/div>\n\t\t<div class=\"elementor-element elementor-element-f763763 e-con-full e-flex elementor-invisible e-con e-child\" data-id=\"f763763\" data-element_type=\"container\" data-settings=\"{&quot;animation&quot;:&quot;slideInRight&quot;,&quot;background_background&quot;:&quot;classic&quot;}\">\n\t\t\t\t<div class=\"elementor-element elementor-element-9fbc35d elementor-widget elementor-widget-image\" data-id=\"9fbc35d\" data-element_type=\"widget\" data-widget_type=\"image.default\">\n\t\t\t\t<div class=\"elementor-widget-container\">\n\t\t\t\t\t\t\t\t\t\t\t\t\t\t\t<img fetchpriority=\"high\" decoding=\"async\" width=\"2560\" height=\"1442\" src=\"https:\/\/imenbouyahya.com\/wp-content\/uploads\/2025\/07\/pexels-kindelmedia-6774432-scaled.jpg\" class=\"attachment-full size-full wp-image-1211\" alt=\"Leadership coaching\" srcset=\"https:\/\/imenbouyahya.com\/wp-content\/uploads\/2025\/07\/pexels-kindelmedia-6774432-scaled.jpg 2560w, https:\/\/imenbouyahya.com\/wp-content\/uploads\/2025\/07\/pexels-kindelmedia-6774432-300x169.jpg 300w, https:\/\/imenbouyahya.com\/wp-content\/uploads\/2025\/07\/pexels-kindelmedia-6774432-1024x577.jpg 1024w, https:\/\/imenbouyahya.com\/wp-content\/uploads\/2025\/07\/pexels-kindelmedia-6774432-768x433.jpg 768w, https:\/\/imenbouyahya.com\/wp-content\/uploads\/2025\/07\/pexels-kindelmedia-6774432-1536x865.jpg 1536w, https:\/\/imenbouyahya.com\/wp-content\/uploads\/2025\/07\/pexels-kindelmedia-6774432-2048x1154.jpg 2048w, https:\/\/imenbouyahya.com\/wp-content\/uploads\/2025\/07\/pexels-kindelmedia-6774432-18x10.jpg 18w, https:\/\/imenbouyahya.com\/wp-content\/uploads\/2025\/07\/pexels-kindelmedia-6774432-600x338.jpg 600w\" sizes=\"(max-width: 2560px) 100vw, 2560px\" \/>\t\t\t\t\t\t\t\t\t\t\t\t\t\t\t<\/div>\n\t\t\t\t<\/div>\n\t\t\t\t<\/div>\n\t\t\t\t<\/div>\n\t\t<div class=\"elementor-element elementor-element-34663a4 e-con-full e-flex elementor-invisible e-con e-parent\" data-id=\"34663a4\" data-element_type=\"container\" data-settings=\"{&quot;animation&quot;:&quot;slideInRight&quot;,&quot;background_background&quot;:&quot;classic&quot;}\">\n\t\t<div class=\"elementor-element elementor-element-14016e4 e-con-full e-flex elementor-invisible e-con e-child\" data-id=\"14016e4\" data-element_type=\"container\" data-settings=\"{&quot;animation&quot;:&quot;slideInLeft&quot;,&quot;background_background&quot;:&quot;classic&quot;}\">\n\t\t\t\t<div class=\"elementor-element elementor-element-2975e13 elementor-widget elementor-widget-image\" data-id=\"2975e13\" data-element_type=\"widget\" data-widget_type=\"image.default\">\n\t\t\t\t<div class=\"elementor-widget-container\">\n\t\t\t\t\t\t\t\t\t\t\t\t\t\t\t<img decoding=\"async\" width=\"2560\" height=\"1707\" src=\"https:\/\/imenbouyahya.com\/wp-content\/uploads\/2025\/07\/pexels-fauxels-3182748-scaled.jpg\" class=\"attachment-full size-full wp-image-1215\" alt=\"Leadership coaching\" srcset=\"https:\/\/imenbouyahya.com\/wp-content\/uploads\/2025\/07\/pexels-fauxels-3182748-scaled.jpg 2560w, https:\/\/imenbouyahya.com\/wp-content\/uploads\/2025\/07\/pexels-fauxels-3182748-300x200.jpg 300w, https:\/\/imenbouyahya.com\/wp-content\/uploads\/2025\/07\/pexels-fauxels-3182748-1024x683.jpg 1024w, https:\/\/imenbouyahya.com\/wp-content\/uploads\/2025\/07\/pexels-fauxels-3182748-768x512.jpg 768w, https:\/\/imenbouyahya.com\/wp-content\/uploads\/2025\/07\/pexels-fauxels-3182748-1536x1024.jpg 1536w, https:\/\/imenbouyahya.com\/wp-content\/uploads\/2025\/07\/pexels-fauxels-3182748-2048x1365.jpg 2048w, https:\/\/imenbouyahya.com\/wp-content\/uploads\/2025\/07\/pexels-fauxels-3182748-18x12.jpg 18w, https:\/\/imenbouyahya.com\/wp-content\/uploads\/2025\/07\/pexels-fauxels-3182748-600x400.jpg 600w\" sizes=\"(max-width: 2560px) 100vw, 2560px\" \/>\t\t\t\t\t\t\t\t\t\t\t\t\t\t\t<\/div>\n\t\t\t\t<\/div>\n\t\t\t\t<\/div>\n\t\t<div class=\"elementor-element elementor-element-85b57e2 e-con-full e-flex elementor-invisible e-con e-child\" data-id=\"85b57e2\" data-element_type=\"container\" data-settings=\"{&quot;animation&quot;:&quot;slideInRight&quot;,&quot;background_background&quot;:&quot;classic&quot;}\">\n\t\t\t\t<div class=\"elementor-element elementor-element-551b8a1 elementor-widget elementor-widget-heading\" data-id=\"551b8a1\" data-element_type=\"widget\" data-widget_type=\"heading.default\">\n\t\t\t\t<div class=\"elementor-widget-container\">\n\t\t\t\t\t<h2 class=\"elementor-heading-title elementor-size-default\">En tant qu'organisation<\/h2>\t\t\t\t<\/div>\n\t\t\t\t<\/div>\n\t\t\t\t<div class=\"elementor-element elementor-element-25597c2 elementor-widget elementor-widget-text-editor\" data-id=\"25597c2\" data-element_type=\"widget\" data-widget_type=\"text-editor.default\">\n\t\t\t\t<div class=\"elementor-widget-container\">\n\t\t\t\t\t\t\t\t\t<p>J'aide les entreprises et les organisations \u00e0 transcender leur culture organisationnelle en cr\u00e9ant un v\u00e9ritable changement de comportement et de ressenti des dirigeants, des \u00e9quipes et des individus. J'accompagne et responsabilise les groupes et les \u00e9quipes pour mener des initiatives et les transformer en plans d'action concrets. Je propose des consultations dans les domaines de la transformation digitale et de la transition \u00e9nerg\u00e9tique.<\/p>\t\t\t\t\t\t\t\t<\/div>\n\t\t\t\t<\/div>\n\t\t\t\t<\/div>\n\t\t\t\t<\/div>\n\t\t<div class=\"elementor-element elementor-element-2457ab9 e-flex e-con-boxed elementor-invisible e-con e-parent\" data-id=\"2457ab9\" data-element_type=\"container\" data-settings=\"{&quot;background_background&quot;:&quot;classic&quot;,&quot;animation&quot;:&quot;slideInUp&quot;}\">\n\t\t\t\t\t<div class=\"e-con-inner\">\n\t\t<div class=\"elementor-element elementor-element-cd4f8a4 e-con-full e-flex e-con e-child\" data-id=\"cd4f8a4\" data-element_type=\"container\">\n\t\t\t\t<div class=\"elementor-element elementor-element-72c13f7 elementor-widget elementor-widget-heading\" data-id=\"72c13f7\" data-element_type=\"widget\" data-widget_type=\"heading.default\">\n\t\t\t\t<div class=\"elementor-widget-container\">\n\t\t\t\t\t<h2 class=\"elementor-heading-title elementor-size-default\">R\u00e9servez votre premi\u00e8re s\u00e9ance et commencez votre parcours de transformation aujourd\u2019hui<\/h2>\t\t\t\t<\/div>\n\t\t\t\t<\/div>\n\t\t\t\t<\/div>\n\t\t<div class=\"elementor-element elementor-element-cce8fab e-con-full e-flex e-con e-child\" data-id=\"cce8fab\" data-element_type=\"container\" data-settings=\"{&quot;background_background&quot;:&quot;classic&quot;}\">\n\t\t\t\t<div class=\"elementor-element elementor-element-1513728 elementor-mobile-align-center elementor-widget elementor-widget-button\" data-id=\"1513728\" data-element_type=\"widget\" data-widget_type=\"button.default\">\n\t\t\t\t<div class=\"elementor-widget-container\">\n\t\t\t\t\t\t\t\t\t<div class=\"elementor-button-wrapper\">\n\t\t\t\t\t<a class=\"elementor-button elementor-button-link elementor-size-sm\" href=\"https:\/\/imenbouyahya.com\/fr\/book-now-form\/\">\n\t\t\t\t\t\t<span class=\"elementor-button-content-wrapper\">\n\t\t\t\t\t\t\t\t\t<span class=\"elementor-button-text\">R\u00e9servez maintenant<\/span>\n\t\t\t\t\t<\/span>\n\t\t\t\t\t<\/a>\n\t\t\t\t<\/div>\n\t\t\t\t\t\t\t\t<\/div>\n\t\t\t\t<\/div>\n\t\t\t\t<\/div>\n\t\t\t\t\t<\/div>\n\t\t\t\t<\/div>\n\t\t\t\t<\/div>","protected":false},"excerpt":{"rendered":"<p>Leadership coaching Home I offer coaching programs for leaders and organizations fortified with my twelve years of experience in the [&hellip;]<\/p>","protected":false},"author":1,"featured_media":0,"parent":0,"menu_order":0,"comment_status":"closed","ping_status":"closed","template":"","meta":{"_monsterinsights_skip_tracking":false,"_monsterinsights_sitenote_active":false,"_monsterinsights_sitenote_note":"","_monsterinsights_sitenote_category":0,"_uf_show_specific_survey":0,"_uf_disable_surveys":false,"site-sidebar-layout":"no-sidebar","site-content-layout":"","ast-site-content-layout":"full-width-container","site-content-style":"default","site-sidebar-style":"default","ast-global-header-display":"","ast-banner-title-visibility":"","ast-main-header-display":"","ast-hfb-above-header-display":"","ast-hfb-below-header-display":"","ast-hfb-mobile-header-display":"","site-post-title":"disabled","ast-breadcrumbs-content":"","ast-featured-img":"disabled","footer-sml-layout":"","theme-transparent-header-meta":"","adv-header-id-meta":"","stick-header-meta":"","header-above-stick-meta":"","header-main-stick-meta":"","header-below-stick-meta":"","astra-migrate-meta-layouts":"default","ast-page-background-enabled":"default","ast-page-background-meta":{"desktop":{"background-color":"var(--ast-global-color-5)","background-image":"","background-repeat":"repeat","background-position":"center center","background-size":"auto","background-attachment":"scroll","background-type":"","background-media":"","overlay-type":"","overlay-color":"","overlay-opacity":"","overlay-gradient":""},"tablet":{"background-color":"","background-image":"","background-repeat":"repeat","background-position":"center center","background-size":"auto","background-attachment":"scroll","background-type":"","background-media":"","overlay-type":"","overlay-color":"","overlay-opacity":"","overlay-gradient":""},"mobile":{"background-color":"","background-image":"","background-repeat":"repeat","background-position":"center center","background-size":"auto","background-attachment":"scroll","background-type":"","background-media":"","overlay-type":"","overlay-color":"","overlay-opacity":"","overlay-gradient":""}},"ast-content-background-meta":{"desktop":{"background-color":"var(--ast-global-color-4)","background-image":"","background-repeat":"repeat","background-position":"center center","background-size":"auto","background-attachment":"scroll","background-type":"","background-media":"","overlay-type":"","overlay-color":"","overlay-opacity":"","overlay-gradient":""},"tablet":{"background-color":"var(--ast-global-color-4)","background-image":"","background-repeat":"repeat","background-position":"center center","background-size":"auto","background-attachment":"scroll","background-type":"","background-media":"","overlay-type":"","overlay-color":"","overlay-opacity":"","overlay-gradient":""},"mobile":{"background-color":"var(--ast-global-color-4)","background-image":"","background-repeat":"repeat","background-position":"center center","background-size":"auto","background-attachment":"scroll","background-type":"","background-media":"","overlay-type":"","overlay-color":"","overlay-opacity":"","overlay-gradient":""}},"footnotes":""},"class_list":["post-413","page","type-page","status-publish","hentry"],"aioseo_notices":[],"_links":{"self":[{"href":"https:\/\/imenbouyahya.com\/fr\/wp-json\/wp\/v2\/pages\/413","targetHints":{"allow":["GET"]}}],"collection":[{"href":"https:\/\/imenbouyahya.com\/fr\/wp-json\/wp\/v2\/pages"}],"about":[{"href":"https:\/\/imenbouyahya.com\/fr\/wp-json\/wp\/v2\/types\/page"}],"author":[{"embeddable":true,"href":"https:\/\/imenbouyahya.com\/fr\/wp-json\/wp\/v2\/users\/1"}],"replies":[{"embeddable":true,"href":"https:\/\/imenbouyahya.com\/fr\/wp-json\/wp\/v2\/comments?post=413"}],"version-history":[{"count":0,"href":"https:\/\/imenbouyahya.com\/fr\/wp-json\/wp\/v2\/pages\/413\/revisions"}],"wp:attachment":[{"href":"https:\/\/imenbouyahya.com\/fr\/wp-json\/wp\/v2\/media?parent=413"}],"curies":[{"name":"wp","href":"https:\/\/api.w.org\/{rel}","templated":true}]}}