{"id":17,"date":"2025-06-24T16:03:48","date_gmt":"2025-06-24T14:03:48","guid":{"rendered":"http:\/\/localhost\/imen_bouyahia\/?page_id=17"},"modified":"2026-03-02T22:41:38","modified_gmt":"2026-03-02T21:41:38","slug":"nos-services","status":"publish","type":"page","link":"https:\/\/imenbouyahya.com\/fr\/nos-services\/","title":{"rendered":"Our services"},"content":{"rendered":"<div data-elementor-type=\"wp-page\" data-elementor-id=\"17\" class=\"elementor elementor-17\" data-elementor-post-type=\"page\">\n\t\t\t\t<div class=\"elementor-element elementor-element-f6691dc e-flex e-con-boxed e-con e-parent\" data-id=\"f6691dc\" data-element_type=\"container\">\n\t\t\t\t\t<div class=\"e-con-inner\">\n\t\t\t\t<div class=\"elementor-element elementor-element-f441dab elementor-widget elementor-widget-text-editor\" data-id=\"f441dab\" data-element_type=\"widget\" data-widget_type=\"text-editor.default\">\n\t\t\t\t<div class=\"elementor-widget-container\">\n\t\t\t\t\t\t\t\t\t<p data-start=\"236\" data-end=\"559\"><span style=\"font-style: inherit; font-weight: inherit;\">En tant que Coach en Mindset, mon expertise se concentre sur l\u2019accompagnement des individus \u00e0 travers le <a href=\"https:\/\/imenbouyahya.com\/fr\/personal-coaching\/\">Coaching personnel<\/a>le renforcement des relations gr\u00e2ce au <a href=\"https:\/\/imenbouyahya.com\/fr\/couples-coaching\/\">coaching de couple<\/a>ainsi que l\u2019accompagnement des professionnels \u00e0 travers le <a href=\"https:\/\/imenbouyahya.com\/fr\/leadership-coaching\/\">coaching en leadership.<\/a>Chaque programme est con\u00e7u pour vous aider \u00e0 d\u00e9velopper clart\u00e9, confiance et transformation durable, en coh\u00e9rence avec vos valeurs et vos objectifs.<\/span><\/p><p data-start=\"561\" data-end=\"899\">En compl\u00e9ment de ces domaines sp\u00e9cialis\u00e9s, je propose diff\u00e9rents<a href=\"https:\/\/imenbouyahya.com\/fr\/coaching-modes\/\"> modes d\u2019accompagnement<\/a> adapt\u00e9s \u00e0 vos besoins personnels et professionnels. Vous pouvez choisir entre des s\u00e9ances individuelles en cabinet, des s\u00e9ances individuelles en ligne, ainsi qu\u2019un suivi hebdomadaire structur\u00e9, afin d\u2019assurer continuit\u00e9, engagement et progression durable tout au long de votre parcours.<\/p><p data-start=\"1921\" data-end=\"2065\">Pr\u00eat(e) \u00e0 travailler avec un Coach en Mindset qui comprend votre parcours ?<br data-start=\"1985\" data-end=\"1988\" \/><a href=\"https:\/\/imenbouyahya.com\/fr\/book-now-form\/\">R\u00e9servez votre s\u00e9ance<\/a> d\u00e8s aujourd\u2019hui et commencez votre chemin vers une transformation durable.<\/p>\t\t\t\t\t\t\t\t<\/div>\n\t\t\t\t<\/div>\n\t\t\t\t\t<\/div>\n\t\t\t\t<\/div>\n\t\t\t\t<\/div>","protected":false},"excerpt":{"rendered":"<p>As a Mindset Coach, my expertise focuses on helping individuals grow through personal coaching, strengthening relationships through couples coaching, and [&hellip;]<\/p>","protected":false},"author":1,"featured_media":0,"parent":0,"menu_order":0,"comment_status":"closed","ping_status":"closed","template":"","meta":{"_monsterinsights_skip_tracking":false,"_monsterinsights_sitenote_active":false,"_monsterinsights_sitenote_note":"","_monsterinsights_sitenote_category":0,"_uf_show_specific_survey":0,"_uf_disable_surveys":false,"site-sidebar-layout":"no-sidebar","site-content-layout":"","ast-site-content-layout":"full-width-container","site-content-style":"default","site-sidebar-style":"default","ast-global-header-display":"","ast-banner-title-visibility":"","ast-main-header-display":"","ast-hfb-above-header-display":"","ast-hfb-below-header-display":"","ast-hfb-mobile-header-display":"","site-post-title":"disabled","ast-breadcrumbs-content":"","ast-featured-img":"disabled","footer-sml-layout":"","theme-transparent-header-meta":"","adv-header-id-meta":"","stick-header-meta":"","header-above-stick-meta":"","header-main-stick-meta":"","header-below-stick-meta":"","astra-migrate-meta-layouts":"default","ast-page-background-enabled":"default","ast-page-background-meta":{"desktop":{"background-color":"var(--ast-global-color-5)","background-image":"","background-repeat":"repeat","background-position":"center center","background-size":"auto","background-attachment":"scroll","background-type":"","background-media":"","overlay-type":"","overlay-color":"","overlay-opacity":"","overlay-gradient":""},"tablet":{"background-color":"","background-image":"","background-repeat":"repeat","background-position":"center center","background-size":"auto","background-attachment":"scroll","background-type":"","background-media":"","overlay-type":"","overlay-color":"","overlay-opacity":"","overlay-gradient":""},"mobile":{"background-color":"","background-image":"","background-repeat":"repeat","background-position":"center center","background-size":"auto","background-attachment":"scroll","background-type":"","background-media":"","overlay-type":"","overlay-color":"","overlay-opacity":"","overlay-gradient":""}},"ast-content-background-meta":{"desktop":{"background-color":"var(--ast-global-color-4)","background-image":"","background-repeat":"repeat","background-position":"center center","background-size":"auto","background-attachment":"scroll","background-type":"","background-media":"","overlay-type":"","overlay-color":"","overlay-opacity":"","overlay-gradient":""},"tablet":{"background-color":"var(--ast-global-color-4)","background-image":"","background-repeat":"repeat","background-position":"center center","background-size":"auto","background-attachment":"scroll","background-type":"","background-media":"","overlay-type":"","overlay-color":"","overlay-opacity":"","overlay-gradient":""},"mobile":{"background-color":"var(--ast-global-color-4)","background-image":"","background-repeat":"repeat","background-position":"center center","background-size":"auto","background-attachment":"scroll","background-type":"","background-media":"","overlay-type":"","overlay-color":"","overlay-opacity":"","overlay-gradient":""}},"footnotes":""},"class_list":["post-17","page","type-page","status-publish","hentry"],"aioseo_notices":[],"_links":{"self":[{"href":"https:\/\/imenbouyahya.com\/fr\/wp-json\/wp\/v2\/pages\/17","targetHints":{"allow":["GET"]}}],"collection":[{"href":"https:\/\/imenbouyahya.com\/fr\/wp-json\/wp\/v2\/pages"}],"about":[{"href":"https:\/\/imenbouyahya.com\/fr\/wp-json\/wp\/v2\/types\/page"}],"author":[{"embeddable":true,"href":"https:\/\/imenbouyahya.com\/fr\/wp-json\/wp\/v2\/users\/1"}],"replies":[{"embeddable":true,"href":"https:\/\/imenbouyahya.com\/fr\/wp-json\/wp\/v2\/comments?post=17"}],"version-history":[{"count":0,"href":"https:\/\/imenbouyahya.com\/fr\/wp-json\/wp\/v2\/pages\/17\/revisions"}],"wp:attachment":[{"href":"https:\/\/imenbouyahya.com\/fr\/wp-json\/wp\/v2\/media?parent=17"}],"curies":[{"name":"wp","href":"https:\/\/api.w.org\/{rel}","templated":true}]}}