{"id":13,"date":"2025-06-24T16:03:27","date_gmt":"2025-06-24T14:03:27","guid":{"rendered":"http:\/\/localhost\/imen_bouyahia\/?page_id=13"},"modified":"2026-02-21T23:49:34","modified_gmt":"2026-02-21T22:49:34","slug":"a-propos-de-imen","status":"publish","type":"page","link":"https:\/\/imenbouyahya.com\/fr\/a-propos-de-imen\/","title":{"rendered":"\u00c0 propos"},"content":{"rendered":"<div data-elementor-type=\"wp-page\" data-elementor-id=\"13\" class=\"elementor elementor-13\" data-elementor-post-type=\"page\">\n\t\t\t\t<div class=\"elementor-element elementor-element-bc8b987 e-con-full e-flex e-con e-parent\" data-id=\"bc8b987\" data-element_type=\"container\" data-settings=\"{&quot;background_background&quot;:&quot;classic&quot;,&quot;background_motion_fx_motion_fx_scrolling&quot;:&quot;yes&quot;,&quot;background_motion_fx_scale_effect&quot;:&quot;yes&quot;,&quot;background_motion_fx_scale_direction&quot;:&quot;out-in&quot;,&quot;background_motion_fx_scale_speed&quot;:{&quot;unit&quot;:&quot;px&quot;,&quot;size&quot;:4,&quot;sizes&quot;:[]},&quot;background_motion_fx_scale_range&quot;:{&quot;unit&quot;:&quot;%&quot;,&quot;size&quot;:&quot;&quot;,&quot;sizes&quot;:{&quot;start&quot;:20,&quot;end&quot;:80}},&quot;background_motion_fx_devices&quot;:[&quot;desktop&quot;,&quot;tablet&quot;,&quot;mobile&quot;]}\">\n\t\t\t\t<div class=\"elementor-element elementor-element-4538097 elementor-widget elementor-widget-heading\" data-id=\"4538097\" data-element_type=\"widget\" data-widget_type=\"heading.default\">\n\t\t\t\t<div class=\"elementor-widget-container\">\n\t\t\t\t\t<h1 class=\"elementor-heading-title elementor-size-default\">\u00c0 propos de Imen<\/h1>\t\t\t\t<\/div>\n\t\t\t\t<\/div>\n\t\t\t\t<div class=\"elementor-element elementor-element-ff87250 elementor-widget elementor-widget-hfe-breadcrumbs-widget\" data-id=\"ff87250\" data-element_type=\"widget\" data-widget_type=\"hfe-breadcrumbs-widget.default\">\n\t\t\t\t<div class=\"elementor-widget-container\">\n\t\t\t\t\t<nav aria-label=\"Breadcrumb\"><ul class=\"hfe-breadcrumbs hfe-breadcrumbs-show-home\"><li class=\"hfe-breadcrumbs-item hfe-breadcrumbs-first\"><span class=\"hfe-breadcrumbs-home-icon\"><svg aria-hidden=\"true\" class=\"e-font-icon-svg e-fas-home\" viewbox=\"0 0 576 512\" xmlns=\"http:\/\/www.w3.org\/2000\/svg\"><path d=\"M280.37 148.26L96 300.11V464a16 16 0 0 0 16 16l112.06-.29a16 16 0 0 0 15.92-16V368a16 16 0 0 1 16-16h64a16 16 0 0 1 16 16v95.64a16 16 0 0 0 16 16.05L464 480a16 16 0 0 0 16-16V300L295.67 148.26a12.19 12.19 0 0 0-15.3 0zM571.6 251.47L488 182.56V44.05a12 12 0 0 0-12-12h-56a12 12 0 0 0-12 12v72.61L318.47 43a48 48 0 0 0-61 0L4.34 251.47a12 12 0 0 0-1.6 16.9l25.5 31A12 12 0 0 0 45.15 301l235.22-193.74a12.19 12.19 0 0 1 15.3 0L530.9 301a12 12 0 0 0 16.9-1.6l25.5-31a12 12 0 0 0-1.7-16.93z\"><\/path><\/svg><\/span><a href=\"https:\/\/imenbouyahya.com\/fr\"><span class=\"hfe-breadcrumbs-text\">Accueil<\/span><\/a><\/li><\/ul><\/nav>\t\t\t\t<\/div>\n\t\t\t\t<\/div>\n\t\t\t\t<\/div>\n\t\t<div class=\"elementor-element elementor-element-96e7466 e-flex e-con-boxed elementor-invisible e-con e-parent\" data-id=\"96e7466\" data-element_type=\"container\" data-settings=\"{&quot;background_background&quot;:&quot;classic&quot;,&quot;animation&quot;:&quot;slideInDown&quot;}\">\n\t\t\t\t\t<div class=\"e-con-inner\">\n\t\t<div class=\"elementor-element elementor-element-6a325b9 e-con-full e-flex e-con e-child\" data-id=\"6a325b9\" data-element_type=\"container\">\n\t\t\t\t<div class=\"elementor-element elementor-element-1034956 elementor-widget elementor-widget-heading\" data-id=\"1034956\" data-element_type=\"widget\" data-widget_type=\"heading.default\">\n\t\t\t\t<div class=\"elementor-widget-container\">\n\t\t\t\t\t<h2 class=\"elementor-heading-title elementor-size-default\">ASSLEMA!<\/h2>\t\t\t\t<\/div>\n\t\t\t\t<\/div>\n\t\t\t\t<div class=\"elementor-element elementor-element-75b489e elementor-widget elementor-widget-heading\" data-id=\"75b489e\" data-element_type=\"widget\" data-widget_type=\"heading.default\">\n\t\t\t\t<div class=\"elementor-widget-container\">\n\t\t\t\t\t<h2 class=\"elementor-heading-title elementor-size-default\">Je suis si heureuse que vous soyez l\u00e0!<\/h2>\t\t\t\t<\/div>\n\t\t\t\t<\/div>\n\t\t\t\t<div class=\"elementor-element elementor-element-47fadcb elementor-widget elementor-widget-text-editor\" data-id=\"47fadcb\" data-element_type=\"widget\" data-widget_type=\"text-editor.default\">\n\t\t\t\t<div class=\"elementor-widget-container\">\n\t\t\t\t\t\t\t\t\t<p>Je m'appelle Imen BOUYAHYA, mindset coach<br \/>Je vous pr\u00e9sente qui je suis et je vous raconte comment je suis arriv\u00e9e \u00e0 cet endroit<\/p>\t\t\t\t\t\t\t\t<\/div>\n\t\t\t\t<\/div>\n\t\t\t\t<\/div>\n\t\t\t\t\t<\/div>\n\t\t\t\t<\/div>\n\t\t<div class=\"elementor-element elementor-element-f144933 e-flex e-con-boxed e-con e-parent\" data-id=\"f144933\" data-element_type=\"container\">\n\t\t\t\t\t<div class=\"e-con-inner\">\n\t\t\t\t<div class=\"elementor-element elementor-element-bc0573f animated-slow elementor-invisible elementor-widget elementor-widget-heading\" data-id=\"bc0573f\" data-element_type=\"widget\" data-settings=\"{&quot;_animation&quot;:&quot;fadeIn&quot;}\" data-widget_type=\"heading.default\">\n\t\t\t\t<div class=\"elementor-widget-container\">\n\t\t\t\t\t<h2 class=\"elementor-heading-title elementor-size-default\">Tout \u00e0 chang\u00e9 en 2029 suite \u00e0 un burnout qui a r\u00e9veill\u00e9 une passion pour la transformation profonde.<\/h2>\t\t\t\t<\/div>\n\t\t\t\t<\/div>\n\t\t\t\t\t<\/div>\n\t\t\t\t<\/div>\n\t\t<div class=\"elementor-element elementor-element-3dec23f e-con-full e-flex elementor-invisible e-con e-parent\" data-id=\"3dec23f\" data-element_type=\"container\" data-settings=\"{&quot;animation&quot;:&quot;slideInLeft&quot;}\">\n\t\t<div class=\"elementor-element elementor-element-9fa90a4 e-con-full e-flex elementor-invisible e-con e-child\" data-id=\"9fa90a4\" data-element_type=\"container\" data-settings=\"{&quot;animation&quot;:&quot;slideInLeft&quot;,&quot;background_background&quot;:&quot;classic&quot;}\">\n\t\t\t\t<div class=\"elementor-element elementor-element-ac76a8e elementor-widget elementor-widget-heading\" data-id=\"ac76a8e\" data-element_type=\"widget\" data-widget_type=\"heading.default\">\n\t\t\t\t<div class=\"elementor-widget-container\">\n\t\t\t\t\t<h2 class=\"elementor-heading-title elementor-size-default\">Le d\u00e9part<\/h2>\t\t\t\t<\/div>\n\t\t\t\t<\/div>\n\t\t\t\t<div class=\"elementor-element elementor-element-b707741 elementor-widget elementor-widget-text-editor\" data-id=\"b707741\" data-element_type=\"widget\" data-widget_type=\"text-editor.default\">\n\t\t\t\t<div class=\"elementor-widget-container\">\n\t\t\t\t\t\t\t\t\t<p>Mes dipl\u00f4mes d'ing\u00e9nieur et de master en g\u00e9osciences m'ont permis de travailler dans l'industrie p\u00e9troli\u00e8re et gazi\u00e8re pendant 12 ans. Durant cette p\u00e9riode, j'ai \u00e9t\u00e9 directement impliqu\u00e9 dans la gestion des donn\u00e9es p\u00e9troli\u00e8res et j'ai d\u00e9montr\u00e9 une exp\u00e9rience r\u00e9ussie dans des projets de gestion de donn\u00e9es. J\u00b4ai contribu\u00e9 \u00e0 la mise \u00e0 niveau de la gouvernance et des donn\u00e9es. Dans le secteur p\u00e9trolier et gazier, les donn\u00e9es sont pr\u00e9cieuses car leur co\u00fbt d'extraction, d'\u00e9change et de gestion est tr\u00e8s \u00e9lev\u00e9. C\u00b4est pourquoi j\u00b4ai initi\u00e9 et r\u00e9alis\u00e9 des projets de standardisation de la gestion des donn\u00e9es p\u00e9troli\u00e8res afin d\u00b4am\u00e9liorer la productivit\u00e9 et d\u00b4optimiser le co\u00fbt d\u00b4\u00e9change des donn\u00e9es.\nMa passion pour la communication et ma comp\u00e9tence en techniques de pr\u00e9sentation m'ont permis de d\u00e9passer les objectifs, d'expliquer les besoins de l'entreprise aux dirigeants et de repr\u00e9senter mon entreprise lors de plusieurs conf\u00e9rences internationales sur le p\u00e9trole et le gaz. J'accorde de l'importance aux donn\u00e9es et je crois en leur potentiel cach\u00e9 qui n'attend qu'\u00e0 \u00eatre r\u00e9v\u00e9l\u00e9. J'accorde \u00e9galement de l'importance \u00e0 l'humain et je crois au pouvoir de la transformation personnelle. Ce m\u00e9lange a rapidement nourri mon d\u00e9sir d'utiliser mes comp\u00e9tences, mes connaissances et mon expertise en mati\u00e8re de donn\u00e9es pour aider le client \u00e0 liberee son potentiel...et de faire des choix de vie et de carri\u00e8re d\u00b4une fa\u00e7on plus \u00e9clair\u00e9e.<\/p>\t\t\t\t\t\t\t\t<\/div>\n\t\t\t\t<\/div>\n\t\t\t\t<\/div>\n\t\t<div class=\"elementor-element elementor-element-62a561e e-con-full e-flex elementor-invisible e-con e-child\" data-id=\"62a561e\" data-element_type=\"container\" data-settings=\"{&quot;animation&quot;:&quot;slideInRight&quot;,&quot;background_background&quot;:&quot;classic&quot;}\">\n\t\t\t\t<\/div>\n\t\t\t\t<\/div>\n\t\t<div class=\"elementor-element elementor-element-8628418 e-con-full e-flex elementor-invisible e-con e-parent\" data-id=\"8628418\" data-element_type=\"container\" data-settings=\"{&quot;animation&quot;:&quot;slideInRight&quot;}\">\n\t\t<div class=\"elementor-element elementor-element-572bb0c e-con-full e-flex elementor-invisible e-con e-child\" data-id=\"572bb0c\" data-element_type=\"container\" data-settings=\"{&quot;animation&quot;:&quot;slideInLeft&quot;,&quot;background_background&quot;:&quot;classic&quot;}\">\n\t\t\t\t<\/div>\n\t\t<div class=\"elementor-element elementor-element-9222289 e-con-full e-flex elementor-invisible e-con e-child\" data-id=\"9222289\" data-element_type=\"container\" data-settings=\"{&quot;animation&quot;:&quot;slideInRight&quot;,&quot;background_background&quot;:&quot;classic&quot;}\">\n\t\t\t\t<div class=\"elementor-element elementor-element-918d488 elementor-widget elementor-widget-heading\" data-id=\"918d488\" data-element_type=\"widget\" data-widget_type=\"heading.default\">\n\t\t\t\t<div class=\"elementor-widget-container\">\n\t\t\t\t\t<h2 class=\"elementor-heading-title elementor-size-default\">La transformation<\/h2>\t\t\t\t<\/div>\n\t\t\t\t<\/div>\n\t\t\t\t<div class=\"elementor-element elementor-element-d8d6e77 elementor-widget elementor-widget-text-editor\" data-id=\"d8d6e77\" data-element_type=\"widget\" data-widget_type=\"text-editor.default\">\n\t\t\t\t<div class=\"elementor-widget-container\">\n\t\t\t\t\t\t\t\t\t<p>Lors des r\u00e9unions avec la direction, j'observais les interactions et l'expression des gens, et je me souvient souvent m\u00b4\u00eatre arr\u00eat\u00e9e pour r\u00e9fl\u00e9chir \u00e0 nos motivations et \u00e0 nos besoins profonds en tant qu'\u00eatres humains. Une voix int\u00e9rieure \u00e9tait l\u00e0, cherchant sans rel\u00e2che \u00e0 capter mon attention et \u00e0 me transmettre son message. Un jour, j'ai discr\u00e8tement d\u00e9cid\u00e9 de m'arr\u00eater et de l'\u00e9couter, et elle me demandait : Es-tu vraiment \u00e0 ta juste place ici, dans les salles de r\u00e9union des entreprises.\nLe m\u00e9tier d'ing\u00e9nieur est-il l\u00b4essence de ta mission \nOu est-ce simplement une station \u00e0 la quelle tu apprends, tu te ressources de l\u00b4expertise et connaissances n\u00e9cessaires qui te pr\u00e9pareront pour le cheminement de la transformation?<\/p>\t\t\t\t\t\t\t\t<\/div>\n\t\t\t\t<\/div>\n\t\t\t\t<\/div>\n\t\t\t\t<\/div>\n\t\t<div class=\"elementor-element elementor-element-8bf7471 e-flex e-con-boxed e-con e-parent\" data-id=\"8bf7471\" data-element_type=\"container\" data-settings=\"{&quot;background_background&quot;:&quot;classic&quot;}\">\n\t\t\t\t\t<div class=\"e-con-inner\">\n\t\t\t\t<div class=\"elementor-element elementor-element-c7f849d animated-slow elementor-invisible elementor-widget elementor-widget-heading\" data-id=\"c7f849d\" data-element_type=\"widget\" data-settings=\"{&quot;_animation&quot;:&quot;fadeIn&quot;}\" data-widget_type=\"heading.default\">\n\t\t\t\t<div class=\"elementor-widget-container\">\n\t\t\t\t\t<h2 class=\"elementor-heading-title elementor-size-default\">Des forages p\u00e9troliers et gaziers<\/h2>\t\t\t\t<\/div>\n\t\t\t\t<\/div>\n\t\t\t\t<div class=\"elementor-element elementor-element-ef16e31 animated-slow elementor-invisible elementor-widget elementor-widget-heading\" data-id=\"ef16e31\" data-element_type=\"widget\" data-settings=\"{&quot;_animation&quot;:&quot;fadeIn&quot;}\" data-widget_type=\"heading.default\">\n\t\t\t\t<div class=\"elementor-widget-container\">\n\t\t\t\t\t<h2 class=\"elementor-heading-title elementor-size-default\">au forage pour des d\u00e9sirs plus profonds<\/h2>\t\t\t\t<\/div>\n\t\t\t\t<\/div>\n\t\t\t\t\t<\/div>\n\t\t\t\t<\/div>\n\t\t<div class=\"elementor-element elementor-element-6d1910e e-con-full e-flex elementor-invisible e-con e-parent\" data-id=\"6d1910e\" data-element_type=\"container\" data-settings=\"{&quot;animation&quot;:&quot;slideInLeft&quot;}\">\n\t\t<div class=\"elementor-element elementor-element-ca102d9 e-con-full e-flex elementor-invisible e-con e-child\" data-id=\"ca102d9\" data-element_type=\"container\" data-settings=\"{&quot;animation&quot;:&quot;slideInLeft&quot;,&quot;background_background&quot;:&quot;classic&quot;}\">\n\t\t\t\t<div class=\"elementor-element elementor-element-911cf0b elementor-widget elementor-widget-text-editor\" data-id=\"911cf0b\" data-element_type=\"widget\" data-widget_type=\"text-editor.default\">\n\t\t\t\t<div class=\"elementor-widget-container\">\n\t\t\t\t\t\t\t\t\t<p>Je crois au coaching comme un outil puissant d'apprentisssage et d'am\u00e9lioration de la performance individuelle et collective. J'ai entam\u00e9 par la suite une reconversion professionnelle majeure, passant d'ing\u00e9nieure dans une entreprise prestigieuse, dans un secteur prestigieux et attractif, \u00e0 une coach de vie et professionnelle aidant les gens \u00e0 transformer leurs vies et carri\u00e8res.\nCe changement a n\u00e9cessit\u00e9 un profond travail sur moi-m\u00eame qui a abouti \u00e0 une transformation totale. Me reconnectant \u00e0 la valeur de la libert\u00e9, cette transition m'a incit\u00e9e \u00e0 rompre avec la routine du 9 \u00e0 5 et \u00e0 lib\u00e9rer ma cr\u00e9ativit\u00e9 et mon innovation sans restriction. Les valeurs de famille et d'\u00e9quilibre m'ont apport\u00e9 satisfaction et paix int\u00e9rieure, car mon temps est devenu le mien, ce qui m'a permis d'atteindre l'\u00e9quilibre et l'\u00e9panouissement en tant que femme. \nJ'ai rapidement attir\u00e9 des clientes qui m'ont fait confiance, car elles ne cherchaient pas seulement des r\u00e9ponses, mais une exp\u00e9rience de changement r\u00e9elle et authentique pour les accompagner dans leur cheminement vers la reconqu\u00eate de leur souverainet\u00e9 et une vie respectueuse de leurs valeurs. Aujourd'hui, j'accompagne des clients issus de diff\u00e9rents horizons \u00e9ducatifs, professionnels et culturels, venant de diff\u00e9rents coins du monde gr\u00e2ce au coaching trilingue que j\u00b4offre. Je les guide dans leur cheminement vers la transformation personnelle, dans un espace s\u00e9curis\u00e9. Ensemble, nous r\u00e9v\u00e9lons les tr\u00e9sors cach\u00e9s de leurs potentiels et de leurs dons. \nJe suis l\u00e0 pour vous aider \u00e0 donner le meilleur de vous-m\u00eame et \u00e0 dynamiser votre\u00a0transformation.<\/p>\t\t\t\t\t\t\t\t<\/div>\n\t\t\t\t<\/div>\n\t\t\t\t<div class=\"elementor-element elementor-element-4b0836f elementor-align-center elementor-widget elementor-widget-button\" data-id=\"4b0836f\" data-element_type=\"widget\" data-widget_type=\"button.default\">\n\t\t\t\t<div class=\"elementor-widget-container\">\n\t\t\t\t\t\t\t\t\t<div class=\"elementor-button-wrapper\">\n\t\t\t\t\t<a class=\"elementor-button elementor-button-link elementor-size-sm\" href=\"https:\/\/imenbouyahya.com\/fr\/contact-imen\/\">\n\t\t\t\t\t\t<span class=\"elementor-button-content-wrapper\">\n\t\t\t\t\t\t\t\t\t<span class=\"elementor-button-text\">Travaillons ensemble <\/span>\n\t\t\t\t\t<\/span>\n\t\t\t\t\t<\/a>\n\t\t\t\t<\/div>\n\t\t\t\t\t\t\t\t<\/div>\n\t\t\t\t<\/div>\n\t\t\t\t<\/div>\n\t\t<div class=\"elementor-element elementor-element-e7b2b20 e-con-full e-flex elementor-invisible e-con e-child\" data-id=\"e7b2b20\" data-element_type=\"container\" data-settings=\"{&quot;animation&quot;:&quot;slideInRight&quot;,&quot;background_background&quot;:&quot;classic&quot;}\">\n\t\t\t\t<\/div>\n\t\t\t\t<\/div>\n\t\t<div class=\"elementor-element elementor-element-3c62823 e-flex e-con-boxed elementor-invisible e-con e-parent\" data-id=\"3c62823\" data-element_type=\"container\" data-settings=\"{&quot;background_background&quot;:&quot;classic&quot;,&quot;animation&quot;:&quot;slideInUp&quot;}\">\n\t\t\t\t\t<div class=\"e-con-inner\">\n\t\t\t\t<div class=\"elementor-element elementor-element-2f7334b elementor-widget elementor-widget-text-editor\" data-id=\"2f7334b\" data-element_type=\"widget\" data-widget_type=\"text-editor.default\">\n\t\t\t\t<div class=\"elementor-widget-container\">\n\t\t\t\t\t\t\t\t\t<p>\"La transformation n'est pas un \u00e9v\u00e9nement futur, c'est une activit\u00e9\u00a0quotidienne\"<\/p>\t\t\t\t\t\t\t\t<\/div>\n\t\t\t\t<\/div>\n\t\t\t\t<div class=\"elementor-element elementor-element-27aef1e elementor-widget elementor-widget-heading\" data-id=\"27aef1e\" data-element_type=\"widget\" data-widget_type=\"heading.default\">\n\t\t\t\t<div class=\"elementor-widget-container\">\n\t\t\t\t\t<h1 class=\"elementor-heading-title elementor-size-default\"> - Jillian Michaels<\/h1>\t\t\t\t<\/div>\n\t\t\t\t<\/div>\n\t\t\t\t\t<\/div>\n\t\t\t\t<\/div>\n\t\t<div class=\"elementor-element elementor-element-a25e18c e-flex e-con-boxed elementor-invisible e-con e-parent\" data-id=\"a25e18c\" data-element_type=\"container\" data-settings=\"{&quot;background_background&quot;:&quot;classic&quot;,&quot;animation&quot;:&quot;slideInUp&quot;}\">\n\t\t\t\t\t<div class=\"e-con-inner\">\n\t\t<div class=\"elementor-element elementor-element-5ebd64e e-con-full e-flex e-con e-child\" data-id=\"5ebd64e\" data-element_type=\"container\">\n\t\t\t\t<div class=\"elementor-element elementor-element-1e120f7 elementor-widget elementor-widget-heading\" data-id=\"1e120f7\" data-element_type=\"widget\" data-widget_type=\"heading.default\">\n\t\t\t\t<div class=\"elementor-widget-container\">\n\t\t\t\t\t<h2 class=\"elementor-heading-title elementor-size-default\">R\u00e9servez votre premi\u00e8re s\u00e9ance et commencez votre parcours de transformation aujourd\u2019hui<\/h2>\t\t\t\t<\/div>\n\t\t\t\t<\/div>\n\t\t\t\t<\/div>\n\t\t<div class=\"elementor-element elementor-element-481390d e-con-full e-flex e-con e-child\" data-id=\"481390d\" data-element_type=\"container\" data-settings=\"{&quot;background_background&quot;:&quot;classic&quot;}\">\n\t\t\t\t<div class=\"elementor-element elementor-element-dce52aa elementor-mobile-align-center elementor-widget elementor-widget-button\" data-id=\"dce52aa\" data-element_type=\"widget\" data-widget_type=\"button.default\">\n\t\t\t\t<div class=\"elementor-widget-container\">\n\t\t\t\t\t\t\t\t\t<div class=\"elementor-button-wrapper\">\n\t\t\t\t\t<a class=\"elementor-button elementor-button-link elementor-size-sm\" href=\"https:\/\/imenbouyahya.com\/fr\/book-now-form\/\">\n\t\t\t\t\t\t<span class=\"elementor-button-content-wrapper\">\n\t\t\t\t\t\t\t\t\t<span class=\"elementor-button-text\">R\u00e9servez maintenant<\/span>\n\t\t\t\t\t<\/span>\n\t\t\t\t\t<\/a>\n\t\t\t\t<\/div>\n\t\t\t\t\t\t\t\t<\/div>\n\t\t\t\t<\/div>\n\t\t\t\t<\/div>\n\t\t\t\t\t<\/div>\n\t\t\t\t<\/div>\n\t\t\t\t<\/div>","protected":false},"excerpt":{"rendered":"<p>About Imen Home ASSLEMA! I am so glad you\u2019re here! My name is Imen BOUYAHYA, a mindset coachLet me introduce [&hellip;]<\/p>","protected":false},"author":1,"featured_media":0,"parent":0,"menu_order":0,"comment_status":"closed","ping_status":"closed","template":"","meta":{"_monsterinsights_skip_tracking":false,"_monsterinsights_sitenote_active":false,"_monsterinsights_sitenote_note":"","_monsterinsights_sitenote_category":0,"_uf_show_specific_survey":0,"_uf_disable_surveys":false,"site-sidebar-layout":"no-sidebar","site-content-layout":"","ast-site-content-layout":"full-width-container","site-content-style":"default","site-sidebar-style":"default","ast-global-header-display":"","ast-banner-title-visibility":"","ast-main-header-display":"","ast-hfb-above-header-display":"","ast-hfb-below-header-display":"","ast-hfb-mobile-header-display":"","site-post-title":"disabled","ast-breadcrumbs-content":"","ast-featured-img":"disabled","footer-sml-layout":"","theme-transparent-header-meta":"","adv-header-id-meta":"","stick-header-meta":"","header-above-stick-meta":"","header-main-stick-meta":"","header-below-stick-meta":"","astra-migrate-meta-layouts":"default","ast-page-background-enabled":"default","ast-page-background-meta":{"desktop":{"background-color":"var(--ast-global-color-5)","background-image":"","background-repeat":"repeat","background-position":"center center","background-size":"auto","background-attachment":"scroll","background-type":"","background-media":"","overlay-type":"","overlay-color":"","overlay-opacity":"","overlay-gradient":""},"tablet":{"background-color":"","background-image":"","background-repeat":"repeat","background-position":"center center","background-size":"auto","background-attachment":"scroll","background-type":"","background-media":"","overlay-type":"","overlay-color":"","overlay-opacity":"","overlay-gradient":""},"mobile":{"background-color":"","background-image":"","background-repeat":"repeat","background-position":"center center","background-size":"auto","background-attachment":"scroll","background-type":"","background-media":"","overlay-type":"","overlay-color":"","overlay-opacity":"","overlay-gradient":""}},"ast-content-background-meta":{"desktop":{"background-color":"var(--ast-global-color-4)","background-image":"","background-repeat":"repeat","background-position":"center center","background-size":"auto","background-attachment":"scroll","background-type":"","background-media":"","overlay-type":"","overlay-color":"","overlay-opacity":"","overlay-gradient":""},"tablet":{"background-color":"var(--ast-global-color-4)","background-image":"","background-repeat":"repeat","background-position":"center center","background-size":"auto","background-attachment":"scroll","background-type":"","background-media":"","overlay-type":"","overlay-color":"","overlay-opacity":"","overlay-gradient":""},"mobile":{"background-color":"var(--ast-global-color-4)","background-image":"","background-repeat":"repeat","background-position":"center center","background-size":"auto","background-attachment":"scroll","background-type":"","background-media":"","overlay-type":"","overlay-color":"","overlay-opacity":"","overlay-gradient":""}},"footnotes":""},"class_list":["post-13","page","type-page","status-publish","hentry"],"aioseo_notices":[],"_links":{"self":[{"href":"https:\/\/imenbouyahya.com\/fr\/wp-json\/wp\/v2\/pages\/13","targetHints":{"allow":["GET"]}}],"collection":[{"href":"https:\/\/imenbouyahya.com\/fr\/wp-json\/wp\/v2\/pages"}],"about":[{"href":"https:\/\/imenbouyahya.com\/fr\/wp-json\/wp\/v2\/types\/page"}],"author":[{"embeddable":true,"href":"https:\/\/imenbouyahya.com\/fr\/wp-json\/wp\/v2\/users\/1"}],"replies":[{"embeddable":true,"href":"https:\/\/imenbouyahya.com\/fr\/wp-json\/wp\/v2\/comments?post=13"}],"version-history":[{"count":0,"href":"https:\/\/imenbouyahya.com\/fr\/wp-json\/wp\/v2\/pages\/13\/revisions"}],"wp:attachment":[{"href":"https:\/\/imenbouyahya.com\/fr\/wp-json\/wp\/v2\/media?parent=13"}],"curies":[{"name":"wp","href":"https:\/\/api.w.org\/{rel}","templated":true}]}}